{"id":879,"date":"2018-07-26T17:26:01","date_gmt":"2018-07-26T15:26:01","guid":{"rendered":"http:\/\/cms.animaleden.net\/?page_id=879"},"modified":"2022-04-15T13:00:15","modified_gmt":"2022-04-15T12:00:15","slug":"spenden","status":"publish","type":"page","link":"https:\/\/www.animaleden.de\/?page_id=879","title":{"rendered":"Spenden"},"content":{"rendered":"\t\t<div data-elementor-type=\"wp-page\" data-elementor-id=\"879\" class=\"elementor elementor-879\" data-elementor-post-type=\"page\">\n\t\t\t\t\t\t<section class=\"elementor-section elementor-top-section elementor-element elementor-element-21bfa8c elementor-section-boxed elementor-section-height-default elementor-section-height-default qodef-elementor-content-no qodef-content-alignment-no\" data-id=\"21bfa8c\" data-element_type=\"section\" data-settings=\"{&quot;jet_parallax_layout_list&quot;:[{&quot;jet_parallax_layout_image&quot;:{&quot;url&quot;:&quot;&quot;,&quot;id&quot;:&quot;&quot;,&quot;size&quot;:&quot;&quot;},&quot;_id&quot;:&quot;280e2dd&quot;,&quot;jet_parallax_layout_image_tablet&quot;:{&quot;url&quot;:&quot;&quot;,&quot;id&quot;:&quot;&quot;,&quot;size&quot;:&quot;&quot;},&quot;jet_parallax_layout_image_mobile&quot;:{&quot;url&quot;:&quot;&quot;,&quot;id&quot;:&quot;&quot;,&quot;size&quot;:&quot;&quot;},&quot;jet_parallax_layout_speed&quot;:{&quot;unit&quot;:&quot;%&quot;,&quot;size&quot;:50,&quot;sizes&quot;:[]},&quot;jet_parallax_layout_type&quot;:&quot;scroll&quot;,&quot;jet_parallax_layout_direction&quot;:null,&quot;jet_parallax_layout_fx_direction&quot;:null,&quot;jet_parallax_layout_z_index&quot;:&quot;&quot;,&quot;jet_parallax_layout_bg_x&quot;:50,&quot;jet_parallax_layout_bg_x_tablet&quot;:&quot;&quot;,&quot;jet_parallax_layout_bg_x_mobile&quot;:&quot;&quot;,&quot;jet_parallax_layout_bg_y&quot;:50,&quot;jet_parallax_layout_bg_y_tablet&quot;:&quot;&quot;,&quot;jet_parallax_layout_bg_y_mobile&quot;:&quot;&quot;,&quot;jet_parallax_layout_bg_size&quot;:&quot;auto&quot;,&quot;jet_parallax_layout_bg_size_tablet&quot;:&quot;&quot;,&quot;jet_parallax_layout_bg_size_mobile&quot;:&quot;&quot;,&quot;jet_parallax_layout_animation_prop&quot;:&quot;transform&quot;,&quot;jet_parallax_layout_on&quot;:[&quot;desktop&quot;,&quot;tablet&quot;]}]}\">\n\t\t\t\t\t\t<div class=\"elementor-container elementor-column-gap-default\">\n\t\t\t\t\t<div class=\"elementor-column elementor-col-50 elementor-top-column elementor-element elementor-element-a13f815\" data-id=\"a13f815\" data-element_type=\"column\">\n\t\t\t<div class=\"elementor-widget-wrap elementor-element-populated\">\n\t\t\t\t\t\t<div class=\"elementor-element elementor-element-52658ab elementor-widget elementor-widget-image\" data-id=\"52658ab\" data-element_type=\"widget\" data-widget_type=\"image.default\">\n\t\t\t\t<div class=\"elementor-widget-container\">\n\t\t\t\t\t\t\t\t\t\t\t\t\t<img fetchpriority=\"high\" decoding=\"async\" width=\"675\" height=\"450\" src=\"https:\/\/www.animaleden.de\/wp-content\/uploads\/2021\/07\/spenden.jpg\" class=\"attachment-large size-large wp-image-6496\" alt=\"Spenden\" srcset=\"https:\/\/www.animaleden.de\/wp-content\/uploads\/2021\/07\/spenden.jpg 675w, https:\/\/www.animaleden.de\/wp-content\/uploads\/2021\/07\/spenden-300x200.jpg 300w\" sizes=\"(max-width: 675px) 100vw, 675px\" \/>\t\t\t\t\t\t\t\t\t\t\t\t\t<\/div>\n\t\t\t\t<\/div>\n\t\t\t\t\t<\/div>\n\t\t<\/div>\n\t\t\t\t<div class=\"elementor-column elementor-col-50 elementor-top-column elementor-element elementor-element-a898ea4\" data-id=\"a898ea4\" data-element_type=\"column\">\n\t\t\t<div class=\"elementor-widget-wrap elementor-element-populated\">\n\t\t\t\t\t\t<div class=\"elementor-element elementor-element-3ca8b8ac elementor-widget elementor-widget-heading\" data-id=\"3ca8b8ac\" data-element_type=\"widget\" data-widget_type=\"heading.default\">\n\t\t\t\t<div class=\"elementor-widget-container\">\n\t\t\t<h3 class=\"elementor-heading-title elementor-size-default\">SPENDE, DAMIT WIR DEN TIEREN HELFEN K\u00d6NNEN<\/h3>\t\t<\/div>\n\t\t\t\t<\/div>\n\t\t\t\t<div class=\"elementor-element elementor-element-318dc41 elementor-widget elementor-widget-text-editor\" data-id=\"318dc41\" data-element_type=\"widget\" data-widget_type=\"text-editor.default\">\n\t\t\t\t<div class=\"elementor-widget-container\">\n\t\t\t\t\t\t\t<p>Wir brauchen deine Spende, egal wie hoch. Unsere Tiere m\u00fcssen essen, brauchen Medikamente und mehr.<br>Wir werden deine Spende ausschlie\u00dflich f\u00fcr die Versorgung der Tiere verwenden. Keine Geh\u00e4lter, keine B\u00fcrokratie, nur f\u00fcr das Tier.<br>Warum? Weil wir Tiere lieben.<\/p>\t\t\t\t\t\t<\/div>\n\t\t\t\t<\/div>\n\t\t\t\t<div class=\"elementor-element elementor-element-49adc6e elementor-widget elementor-widget-text-editor\" data-id=\"49adc6e\" data-element_type=\"widget\" data-widget_type=\"text-editor.default\">\n\t\t\t\t<div class=\"elementor-widget-container\">\n\t\t\t\t\t\t\t<div id=\"give-form-4470-wrap\" class=\"give-form-wrap give-display-onpage\">\n\t\t\t\t\t<form id=\"give-form-4470-1\" class=\"give-form give-form-4470 give-form-type-multi\" action=\"https:\/\/www.animaleden.de\/?payment-mode=paypal-commerce&#038;form-id=4470\" data-id=\"4470-1\" data-currency_symbol=\"&euro;\" data-currency_code=\"EUR\" data-currency_position=\"before\" data-thousands_separator=\".\" data-decimal_separator=\",\" data-number_decimals=\"2\" method=\"post\">\n\t\t\t\t<!-- The following field is for robots only, invisible to humans: -->\n\t\t\t\t<span class=\"give-hidden\" style=\"display: none !important;\">\n\t\t\t\t\t<label for=\"give-form-honeypot-4470\"><\/label>\n\t\t\t\t\t<input id=\"give-form-honeypot-4470\" type=\"text\" name=\"give-honeypot\"\n\t\t\t\t\t\t   class=\"give-honeypot give-hidden\"\/>\n\t\t\t\t<\/span>\n\n\t\t\t\t\t<input type=\"hidden\" name=\"give-form-id-prefix\" value=\"4470-1\"\/>\n\t<input type=\"hidden\" name=\"give-form-id\" value=\"4470\"\/>\n\t<input type=\"hidden\" name=\"give-form-title\" value=\"SPENDEN\"\/>\n\t<input type=\"hidden\" name=\"give-current-url\" value=\"https:\/\/www.animaleden.de\/\"\/>\n\t<input type=\"hidden\" name=\"give-form-url\" value=\"https:\/\/www.animaleden.de\/\"\/>\n\t\t\t<input type=\"hidden\" name=\"give-form-minimum\"\n\t\t\t   value=\"5.00\"\/>\n\t\t<input type=\"hidden\" name=\"give-form-maximum\"\n\t\t\t   value=\"999999.99\"\/>\n\t\t<input type=\"hidden\"  name=\"give-form-hash\" value=\"37c62945af\" data-time=\"1778060638\" data-nonce-life=\"86400\" data-donor-session=\"0\"\/><input type=\"hidden\" name=\"give-price-id\" value=\"0\"\/>\t\t<div class=\"give-total-wrap\">\n\t\t\t<div class=\"give-donation-amount form-row-wide\">\n\t\t\t\t<span class=\"give-currency-symbol give-currency-position-before\">&euro;<\/span>\t\t\t\t<label class=\"give-hidden\" for=\"give-amount\">Spendensumme:<\/label>\n\t\t\t\t<input class=\"give-text-input give-amount-top\" id=\"give-amount\" name=\"give-amount\" type=\"text\" inputmode=\"decimal\"\n\t\t\t\t\t   placeholder=\"\" value=\"1,00\" autocomplete=\"off\">\n\t\t\t\t\t\t\t<\/div>\n\t\t<\/div>\n\t\t<ul id=\"give-donation-level-button-wrap\" class=\"give-donation-levels-wrap give-list-inline\"><li><button type=\"button\" data-price-id=\"0\" class=\"give-donation-level-btn give-btn give-btn-level-0 \" value=\"10,00\" data-default=\"0\">&euro;10,00<\/button><\/li><li><button type=\"button\" data-price-id=\"1\" class=\"give-donation-level-btn give-btn give-btn-level-1 \" value=\"20,00\" data-default=\"0\">&euro;20,00<\/button><\/li><li><button type=\"button\" data-price-id=\"2\" class=\"give-donation-level-btn give-btn give-btn-level-2 \" value=\"50,00\" data-default=\"0\">&euro;50,00<\/button><\/li><li><button type=\"button\" data-price-id=\"custom\" class=\"give-donation-level-btn give-btn give-btn-level-custom\" value=\"custom\">Freier Betrag<\/button><\/li><\/ul>\n\t<fieldset id=\"give-payment-mode-select\">\n\t\t\t\t<legend\n\t\t\tclass=\"give-payment-mode-label\">Zahlungsmethode ausw\u00e4hlen\t\t\t<span class=\"give-loading-text\"><span\n\t\t\t\t\tclass=\"give-loading-animation\"><\/span>\n\t\t\t<\/span>\n\t\t<\/legend>\n\n\t\t<div id=\"give-payment-mode-wrap\">\n\t\t\t\t\t\t<ul id=\"give-gateway-radio-list\">\n\t\t\t\t\t\t\t\t\t\t<li>\n\t\t\t\t\t\t\t<input type=\"radio\" name=\"payment-mode\" class=\"give-gateway\"\n\t\t\t\t\t\t\t\t   id=\"give-gateway-offline-4470-1\"\n\t\t\t\t\t\t\t\t   value=\"offline\">\n\t\t\t\t\t\t\t<label for=\"give-gateway-offline-4470-1\"\n\t\t\t\t\t\t\t\t   class=\"give-gateway-option\"\n\t\t\t\t\t\t\t\t   id=\"give-gateway-option-offline\"> \u00dcberweisung<\/label>\n\t\t\t\t\t\t<\/li>\n\t\t\t\t\t\t\t\t\t\t\t\t<li class=\"give-gateway-option-selected\">\n\t\t\t\t\t\t\t<input type=\"radio\" name=\"payment-mode\" class=\"give-gateway\"\n\t\t\t\t\t\t\t\t   id=\"give-gateway-paypal-commerce-4470-1\"\n\t\t\t\t\t\t\t\t   value=\"paypal-commerce\" checked='checked'>\n\t\t\t\t\t\t\t<label for=\"give-gateway-paypal-commerce-4470-1\"\n\t\t\t\t\t\t\t\t   class=\"give-gateway-option\"\n\t\t\t\t\t\t\t\t   id=\"give-gateway-option-paypal-commerce\"> PayPal<\/label>\n\t\t\t\t\t\t<\/li>\n\t\t\t\t\t\t\t\t\t<\/ul>\n\t\t\t\t\t<\/div>\n\t\t\t<\/fieldset>\n\n\t\n\t<div id=\"give_purchase_form_wrap\">\n\n\t\t\t<fieldset id=\"give_checkout_user_info\" class=\"\">\n\t\t<legend>\n\t\t\tPers\u00f6nliche Informationen\t\t<\/legend>\n\n\t\t\n        <p id=\"give-first-name-wrap\" class=\"form-row form-row-first form-row-responsive\">\n            <label class=\"give-label\" for=\"give-first\">\n                Vorname                                    <span class=\"give-required-indicator\">*<\/span>\n                                <span class=\"give-tooltip hint--top hint--medium hint--bounce\" aria-label=\"Dein Vorname wird benutzt, um deine Spendenaufzeichnung zu personalisieren.\" rel=\"tooltip\"><i class=\"give-icon give-icon-question\"><\/i><\/span>            <\/label>\n            <input\n                class=\"give-input required\"\n                type=\"text\"\n                name=\"give_first\"\n                autocomplete=\"given-name\"\n                placeholder=\"Vorname\"\n                id=\"give-first\"\n                value=\"\"\n                 required aria-required=\"true\"             \/>\n        <\/p>\n\n        <p id=\"give-last-name-wrap\" class=\"form-row form-row-last form-row-responsive\">\n            <label class=\"give-label\" for=\"give-last\">\n                Nachname                                <span class=\"give-tooltip hint--top hint--medium hint--bounce\" aria-label=\"Dein Nachname wird benutzt, um deine Spendenaufzeichnung zu personalisieren.\" rel=\"tooltip\"><i class=\"give-icon give-icon-question\"><\/i><\/span>            <\/label>\n\n            <input\n                class=\"give-input\"\n                type=\"text\"\n                name=\"give_last\"\n                autocomplete=\"family-name\"\n                id=\"give-last\"\n                placeholder=\"Nachname\"\n                value=\"\"\n                            \/>\n        <\/p>\n\n        \n                <p id=\"give-email-wrap\" class=\"form-row form-row-wide\">\n            <label class=\"give-label\" for=\"give-email\">\n                E-Mail-Adresse                                    <span class=\"give-required-indicator\">*<\/span>\n                                    <span class=\"give-tooltip hint--top hint--medium hint--bounce\" aria-label=\"Wir werden die Spendenquittung zu dieser Adresse senden.\" rel=\"tooltip\"><i class=\"give-icon give-icon-question\"><\/i><\/span>            <\/label>\n            <input\n                class=\"give-input required\"\n                type=\"email\"\n                name=\"give_email\"\n                autocomplete=\"email\"\n                placeholder=\"E-Mail-Adresse\"\n                id=\"give-email\"\n                value=\"\"\n                 required aria-required=\"true\"             \/>\n\n        <\/p>\n\n                                <p id=\"give-anonymous-donation-wrap\" class=\"form-row form-row-wide\">\n                <label class=\"give-label\" for=\"give-anonymous-donation\">\n                    <input\n                        type=\"checkbox\"\n                        class=\"give-input\"\n                        name=\"give_anonymous_donation\"\n                        id=\"give-anonymous-donation\"\n                        value=\"1\"\n                                                                    >\n                    Mache diese Spende anonym\t\t\t\t\t<span class=\"give-tooltip hint--top hint--medium hint--bounce\" aria-label=\"M\u00f6chtest du verhindern, dass dein Name und dein Bild \u00f6ffentlich angezeigt werden?\" rel=\"tooltip\"><i class=\"give-icon give-icon-question\"><\/i><\/span>\n\t\t\t\t<\/label>\n\t\t\t<\/p>\n\t\t\n\t\t\t\t\t<\/fieldset>\n\t\t<fieldset id=\"give_cc_fields-4470\" class=\"give-do-validate\">\n\t\t<legend>Kreditkarteninformation<\/legend>\n\t\t\t\t\t<div id=\"give_secure_site_wrapper-4470\">\n\t\t\t\t<span class=\"give-icon padlock\"><\/span>\n\t\t\t\t<span>Dies ist eine SSL-gesicherte Zahlung.<\/span>\n\t\t\t<\/div>\n\t\t\t\t<p id=\"give-card-number-wrap-4470\" class=\"form-row form-row-two-thirds form-row-responsive\">\n\t\t\t<label for=\"card_number-4470\" class=\"give-label\">\n\t\t\t\tKartennummer\t\t\t\t<span class=\"give-required-indicator\">*<\/span>\n\t\t\t\t<span class=\"give-tooltip hint--top hint--medium hint--bounce\" aria-label=\"Die (\u00fcblicherweise) 16-stellige Ziffernfolge auf der Vorderseite deiner Kreditkarte.\" rel=\"tooltip\"><i class=\"give-icon give-icon-question\"><\/i><\/span>\t\t\t\t<span class=\"card-type\"><\/span>\n\t\t\t<\/label>\n\n\t\t\t<input type=\"tel\" autocomplete=\"off\" name=\"card_number\" id=\"card_number-4470\"\n\t\t\t\t   class=\"card-number give-input required\" placeholder=\"Kartennummer\"\n\t\t\t\t   required aria-required=\"true\"\/>\n\t\t<\/p>\n\n\t\t<p id=\"give-card-cvc-wrap-4470\" class=\"form-row form-row-one-third form-row-responsive\">\n\t\t\t<label for=\"card_cvc-4470\" class=\"give-label\">\n\t\t\t\tCVC\t\t\t\t<span class=\"give-required-indicator\">*<\/span>\n\t\t\t\t<span class=\"give-tooltip hint--top hint--medium hint--bounce\" aria-label=\"Die 3-stellige (R\u00fcckseite) oder 4-stellige Ziffernfolge (Vorderseite) auf deiner Kreditkarte.\" rel=\"tooltip\"><i class=\"give-icon give-icon-question\"><\/i><\/span>\t\t\t<\/label>\n\n\t\t\t<input type=\"tel\" size=\"4\" autocomplete=\"off\" name=\"card_cvc\" id=\"card_cvc-4470\"\n\t\t\t\t   class=\"card-cvc give-input required\" placeholder=\"CVC\"\n\t\t\t\t   required aria-required=\"true\"\/>\n\t\t<\/p>\n\n\t\t<p id=\"give-card-name-wrap-4470\" class=\"form-row form-row-two-thirds form-row-responsive\">\n\t\t\t<label for=\"card_name-4470\" class=\"give-label\">\n\t\t\t\tName des Kartenbesitzers\t\t\t\t<span class=\"give-required-indicator\">*<\/span>\n\t\t\t\t<span class=\"give-tooltip hint--top hint--bounce\" aria-label=\"Der Name des Kontobesitzers der Kreditkarte. \" rel=\"tooltip\"><i class=\"give-icon give-icon-question\"><\/i><\/span>\t\t\t<\/label>\n\n\t\t\t<input type=\"text\" autocomplete=\"off\" name=\"card_name\" id=\"card_name-4470\"\n\t\t\t\t   class=\"card-name give-input required\" placeholder=\"Name des Kartenbesitzers\"\n\t\t\t\t   required aria-required=\"true\"\/>\n\t\t<\/p>\n\t\t\t\t<p class=\"card-expiration form-row form-row-one-third form-row-responsive\">\n\t\t\t<label for=\"card_expiry-4470\" class=\"give-label\">\n\t\t\t\tAblauf\t\t\t\t<span class=\"give-required-indicator\">*<\/span>\n\t\t\t\t<span class=\"give-tooltip hint--top hint--medium hint--bounce\" aria-label=\"Das Ablaufdatum deiner Kreditkarte, normalerweise auf der Vorderseite der Karte zu sehen.\" rel=\"tooltip\"><i class=\"give-icon give-icon-question\"><\/i><\/span>\t\t\t<\/label>\n\n\t\t\t<input type=\"hidden\" id=\"card_exp_month-4470\" name=\"card_exp_month\"\n\t\t\t\t   class=\"card-expiry-month\"\/>\n\t\t\t<input type=\"hidden\" id=\"card_exp_year-4470\" name=\"card_exp_year\"\n\t\t\t\t   class=\"card-expiry-year\"\/>\n\n\t\t\t<input type=\"tel\" autocomplete=\"off\" name=\"card_expiry\" id=\"card_expiry-4470\"\n\t\t\t\t   class=\"card-expiry give-input required\" placeholder=\"MM \/ YY\"\n\t\t\t\t   required aria-required=\"true\"\/>\n\t\t<\/p>\n\t\t\t<\/fieldset>\n\t\t<fieldset id=\"give_purchase_submit\" class=\"give-donation-submit\">\n\t\t\t<p id=\"give-final-total-wrap\" class=\"form-wrap \">\n\t\t\t\t<span class=\"give-donation-total-label\">\n\t\t\tSpendensumme:\t\t<\/span>\n\t\t<span class=\"give-final-total-amount\"\n\t\t\t  data-total=\"1,00\">\n\t\t\t&euro;1,00\t\t<\/span>\n\t\t\t<\/p>\n\t\t<input type=\"hidden\" name=\"give_action\" value=\"purchase\"\/>\n\t<input type=\"hidden\" name=\"give-gateway\" value=\"paypal-commerce\"\/>\n\t\t<div class=\"give-submit-button-wrap give-clearfix\">\n\t\t<input type=\"submit\" class=\"give-submit give-btn\" id=\"give-purchase-button\" name=\"give-purchase\"\n\t\t\t   value=\"Jetzt spenden\" data-before-validation-label=\"Jetzt spenden\"\/>\n\t\t<span class=\"give-loading-animation\"><\/span>\n\t<\/div>\n\t\t<\/fieldset>\n\t\n\t<\/div>\n\n\t\t\t\t<\/form>\n\n\t\t\t\n\t<\/div><!--end #give-form-4470-->\n\t<\/p><p>DIREKT SPENDEN? NUTZE UNSER PAYPAL SPENDEN ACCOUNT:<br \/><a href=\"mailto:spenden@animaleden.de\">spenden@animaleden.de<\/a><\/p>\t\t\t\t\t\t<\/div>\n\t\t\t\t<\/div>\n\t\t\t\t<div class=\"elementor-element elementor-element-9d9aa3f elementor-widget elementor-widget-text-editor\" data-id=\"9d9aa3f\" data-element_type=\"widget\" data-widget_type=\"text-editor.default\">\n\t\t\t\t<div class=\"elementor-widget-container\">\n\t\t\t\t\t\t\t<p>UNSER SPENDENKONTO<br \/>ANIMAL EDEN e.V.<br \/><strong>IBAN<\/strong>: DE60 8306 5408 0004 8881 54<br \/><strong>BIC<\/strong>: GENODEF1SLR<\/p>\t\t\t\t\t\t<\/div>\n\t\t\t\t<\/div>\n\t\t\t\t\t<\/div>\n\t\t<\/div>\n\t\t\t\t\t<\/div>\n\t\t<\/section>\n\t\t\t\t<section class=\"elementor-section elementor-top-section elementor-element elementor-element-059316b elementor-section-boxed elementor-section-height-default elementor-section-height-default qodef-elementor-content-no qodef-content-alignment-no\" data-id=\"059316b\" data-element_type=\"section\" data-settings=\"{&quot;jet_parallax_layout_list&quot;:[{&quot;jet_parallax_layout_image&quot;:{&quot;url&quot;:&quot;&quot;,&quot;id&quot;:&quot;&quot;,&quot;size&quot;:&quot;&quot;},&quot;_id&quot;:&quot;1321f64&quot;,&quot;jet_parallax_layout_image_tablet&quot;:{&quot;url&quot;:&quot;&quot;,&quot;id&quot;:&quot;&quot;,&quot;size&quot;:&quot;&quot;},&quot;jet_parallax_layout_image_mobile&quot;:{&quot;url&quot;:&quot;&quot;,&quot;id&quot;:&quot;&quot;,&quot;size&quot;:&quot;&quot;},&quot;jet_parallax_layout_speed&quot;:{&quot;unit&quot;:&quot;%&quot;,&quot;size&quot;:50,&quot;sizes&quot;:[]},&quot;jet_parallax_layout_type&quot;:&quot;scroll&quot;,&quot;jet_parallax_layout_direction&quot;:null,&quot;jet_parallax_layout_fx_direction&quot;:null,&quot;jet_parallax_layout_z_index&quot;:&quot;&quot;,&quot;jet_parallax_layout_bg_x&quot;:50,&quot;jet_parallax_layout_bg_x_tablet&quot;:&quot;&quot;,&quot;jet_parallax_layout_bg_x_mobile&quot;:&quot;&quot;,&quot;jet_parallax_layout_bg_y&quot;:50,&quot;jet_parallax_layout_bg_y_tablet&quot;:&quot;&quot;,&quot;jet_parallax_layout_bg_y_mobile&quot;:&quot;&quot;,&quot;jet_parallax_layout_bg_size&quot;:&quot;auto&quot;,&quot;jet_parallax_layout_bg_size_tablet&quot;:&quot;&quot;,&quot;jet_parallax_layout_bg_size_mobile&quot;:&quot;&quot;,&quot;jet_parallax_layout_animation_prop&quot;:&quot;transform&quot;,&quot;jet_parallax_layout_on&quot;:[&quot;desktop&quot;,&quot;tablet&quot;]}]}\">\n\t\t\t\t\t\t<div class=\"elementor-container elementor-column-gap-default\">\n\t\t\t\t\t<div class=\"elementor-column elementor-col-100 elementor-top-column elementor-element elementor-element-aba03f7\" data-id=\"aba03f7\" data-element_type=\"column\">\n\t\t\t<div class=\"elementor-widget-wrap elementor-element-populated\">\n\t\t\t\t\t\t<div class=\"elementor-element elementor-element-33b96f1 elementor-widget elementor-widget-spacer\" data-id=\"33b96f1\" data-element_type=\"widget\" data-widget_type=\"spacer.default\">\n\t\t\t\t<div class=\"elementor-widget-container\">\n\t\t\t\t\t<div class=\"elementor-spacer\">\n\t\t\t<div class=\"elementor-spacer-inner\"><\/div>\n\t\t<\/div>\n\t\t\t\t<\/div>\n\t\t\t\t<\/div>\n\t\t\t\t\t<\/div>\n\t\t<\/div>\n\t\t\t\t\t<\/div>\n\t\t<\/section>\n\t\t\t\t<\/div>\n\t\t","protected":false},"excerpt":{"rendered":"<p>SPENDE, DAMIT WIR DEN TIEREN HELFEN K\u00d6NNEN Wir brauchen deine Spende, egal wie hoch. Unsere Tiere m\u00fcssen essen, brauchen Medikamente und mehr.Wir werden deine Spende ausschlie\u00dflich f\u00fcr die Versorgung der Tiere verwenden. Keine Geh\u00e4lter, keine B\u00fcrokratie, nur f\u00fcr das Tier.Warum? Weil wir Tiere lieben. DIREKT SPENDEN? NUTZE UNSER PAYPAL SPENDEN ACCOUNT:spenden@animaleden.de UNSER SPENDENKONTOANIMAL EDEN e.V.IBAN: [&hellip;]<\/p>\n","protected":false},"author":1,"featured_media":5606,"parent":0,"menu_order":0,"comment_status":"closed","ping_status":"closed","template":"","meta":{"give_campaign_id":0,"footnotes":""},"class_list":["post-879","page","type-page","status-publish","has-post-thumbnail","hentry"],"campaignId":"","_links":{"self":[{"href":"https:\/\/www.animaleden.de\/index.php?rest_route=\/wp\/v2\/pages\/879"}],"collection":[{"href":"https:\/\/www.animaleden.de\/index.php?rest_route=\/wp\/v2\/pages"}],"about":[{"href":"https:\/\/www.animaleden.de\/index.php?rest_route=\/wp\/v2\/types\/page"}],"author":[{"embeddable":true,"href":"https:\/\/www.animaleden.de\/index.php?rest_route=\/wp\/v2\/users\/1"}],"replies":[{"embeddable":true,"href":"https:\/\/www.animaleden.de\/index.php?rest_route=%2Fwp%2Fv2%2Fcomments&post=879"}],"version-history":[{"count":50,"href":"https:\/\/www.animaleden.de\/index.php?rest_route=\/wp\/v2\/pages\/879\/revisions"}],"predecessor-version":[{"id":8900,"href":"https:\/\/www.animaleden.de\/index.php?rest_route=\/wp\/v2\/pages\/879\/revisions\/8900"}],"wp:featuredmedia":[{"embeddable":true,"href":"https:\/\/www.animaleden.de\/index.php?rest_route=\/wp\/v2\/media\/5606"}],"wp:attachment":[{"href":"https:\/\/www.animaleden.de\/index.php?rest_route=%2Fwp%2Fv2%2Fmedia&parent=879"}],"curies":[{"name":"wp","href":"https:\/\/api.w.org\/{rel}","templated":true}]}}