{"id":8217,"date":"2021-12-04T13:26:28","date_gmt":"2021-12-04T13:26:28","guid":{"rendered":"https:\/\/www.animaleden.de\/?page_id=8217"},"modified":"2022-04-15T12:54:00","modified_gmt":"2022-04-15T11:54:00","slug":"veganer-tierschutz","status":"publish","type":"page","link":"https:\/\/www.animaleden.de\/?page_id=8217","title":{"rendered":"Veganer Tierschutz"},"content":{"rendered":"\t\t<div data-elementor-type=\"wp-page\" data-elementor-id=\"8217\" class=\"elementor elementor-8217\" data-elementor-post-type=\"page\">\n\t\t\t\t\t\t<section class=\"elementor-section elementor-top-section elementor-element elementor-element-c2f5c13 elementor-section-boxed elementor-section-height-default elementor-section-height-default qodef-elementor-content-no qodef-content-alignment-no\" data-id=\"c2f5c13\" data-element_type=\"section\" data-settings=\"{&quot;jet_parallax_layout_list&quot;:[{&quot;jet_parallax_layout_image&quot;:{&quot;url&quot;:&quot;&quot;,&quot;id&quot;:&quot;&quot;,&quot;size&quot;:&quot;&quot;},&quot;_id&quot;:&quot;06da62f&quot;,&quot;jet_parallax_layout_image_tablet&quot;:{&quot;url&quot;:&quot;&quot;,&quot;id&quot;:&quot;&quot;,&quot;size&quot;:&quot;&quot;},&quot;jet_parallax_layout_image_mobile&quot;:{&quot;url&quot;:&quot;&quot;,&quot;id&quot;:&quot;&quot;,&quot;size&quot;:&quot;&quot;},&quot;jet_parallax_layout_speed&quot;:{&quot;unit&quot;:&quot;%&quot;,&quot;size&quot;:50,&quot;sizes&quot;:[]},&quot;jet_parallax_layout_type&quot;:&quot;scroll&quot;,&quot;jet_parallax_layout_direction&quot;:null,&quot;jet_parallax_layout_fx_direction&quot;:null,&quot;jet_parallax_layout_z_index&quot;:&quot;&quot;,&quot;jet_parallax_layout_bg_x&quot;:50,&quot;jet_parallax_layout_bg_x_tablet&quot;:&quot;&quot;,&quot;jet_parallax_layout_bg_x_mobile&quot;:&quot;&quot;,&quot;jet_parallax_layout_bg_y&quot;:50,&quot;jet_parallax_layout_bg_y_tablet&quot;:&quot;&quot;,&quot;jet_parallax_layout_bg_y_mobile&quot;:&quot;&quot;,&quot;jet_parallax_layout_bg_size&quot;:&quot;auto&quot;,&quot;jet_parallax_layout_bg_size_tablet&quot;:&quot;&quot;,&quot;jet_parallax_layout_bg_size_mobile&quot;:&quot;&quot;,&quot;jet_parallax_layout_animation_prop&quot;:&quot;transform&quot;,&quot;jet_parallax_layout_on&quot;:[&quot;desktop&quot;,&quot;tablet&quot;]}],&quot;background_background&quot;:&quot;classic&quot;}\">\n\t\t\t\t\t\t<div class=\"elementor-container elementor-column-gap-default\">\n\t\t\t\t\t<div class=\"elementor-column elementor-col-50 elementor-top-column elementor-element elementor-element-a58a63b\" data-id=\"a58a63b\" data-element_type=\"column\">\n\t\t\t<div class=\"elementor-widget-wrap elementor-element-populated\">\n\t\t\t\t\t\t<div class=\"elementor-element elementor-element-ab7d3c8 elementor-widget elementor-widget-text-editor\" data-id=\"ab7d3c8\" data-element_type=\"widget\" data-widget_type=\"text-editor.default\">\n\t\t\t\t<div class=\"elementor-widget-container\">\n\t\t\t\t\t\t\t<p><span style=\"color: #333333;\">Die Welt der Tiere ist ein integraler Teil der Sch\u00f6pfung. Sie ist verbunden mit unserem Planeten, der Natur und Lebensr\u00e4umen wie dem der Ozeane.<\/span><\/p><p><span style=\"color: #333333;\">F\u00fcr Animal Eden bedeutet Tierschutz, dass wir nicht nur bis zu unseren Haustieren denken, sondern alle Tierarten und deren Lebensr\u00e4ume einschlie\u00dfen.<\/span><\/p><p><span style=\"color: #333333;\">Um einen tats\u00e4chlichen Schutz zu gew\u00e4hrleisten m\u00fcssen wir alle unsere Lebensgewohnheiten ver\u00e4ndern, denn Tierschutz kann nur entstehen, wenn wir verstehen, dass der gr\u00f6\u00dfte Missbrauch durch Industrien begangen wird die unsere Gewohnheiten als Verbraucher bedienen.<\/span><\/p><p><span style=\"color: #333333;\">M\u00f6glichst g\u00fcnstiges Fleisch, kostenniedrige und auch Luxus-Lederartikel, die Pharma-Industrie uvm. greifen auf tierische Bestandteile zur\u00fcck.<\/span><\/p><p><span style=\"color: #333333;\">Um den ungeheuren Bedarf gerade in den Industriel\u00e4ndern zu bedienen wird immer g\u00fcnstiger \u00abproduziert\u00bb und dies geschieht innerhalb der Massentierhaltung, als kollektiver Missbrauch aller Tiere.<\/span><\/p><p><span style=\"color: #333333;\">Wir laden dich ein deinen Alltag auf Tierleid zu pr\u00fcfen, \u00fcberlege wo du auf tierische Stoffe zur\u00fcckgreifst, aus Gewohnheit, vielleicht weil es dir nicht bewusst ist oder weil du keine Alternativen kennst.<\/span><\/p><p><span style=\"color: #333333;\">Wenn wir die ungeheuren Mengen von Methangas reduzieren die durch die Fleisch- und Milchproduktion anfallen, helfen wir der Erde zu \u00fcberleben.<\/span><\/p><p><span style=\"color: #333333;\">\u00abAbgase\u00bb sind mit die gr\u00f6\u00dften Zerst\u00f6rer der Ozonschicht. Wenn es um die drohende Klimakatastrophe geht haben wir hier ein effektives Hilfsmittel um diesen Planeten f\u00fcr uns und die Tiere zu retten.<\/span><\/p><p><span style=\"color: #333333;\">Bei unseren j\u00e4hrlichen Kalenderproduktionen achten wir auf eine komplett \u00abvegane\u00bb und tierleidfreie Produktion. Das beginnt beim Catering und endet bei tierleidfreier Kleidung f\u00fcr unsere Models, so erreichen wir eine Produktion, die wirklich mit ihrem ganzen Herzen bei den Tieren ist.<\/span><\/p>\t\t\t\t\t\t<\/div>\n\t\t\t\t<\/div>\n\t\t\t\t\t<\/div>\n\t\t<\/div>\n\t\t\t\t<div class=\"elementor-column elementor-col-50 elementor-top-column elementor-element elementor-element-20b34b7\" data-id=\"20b34b7\" data-element_type=\"column\">\n\t\t\t<div class=\"elementor-widget-wrap elementor-element-populated\">\n\t\t\t\t\t\t<div class=\"elementor-element elementor-element-8808321 elementor-widget elementor-widget-image\" data-id=\"8808321\" data-element_type=\"widget\" data-widget_type=\"image.default\">\n\t\t\t\t<div class=\"elementor-widget-container\">\n\t\t\t\t\t\t\t\t\t\t\t\t\t<img fetchpriority=\"high\" decoding=\"async\" width=\"1624\" height=\"2560\" src=\"https:\/\/www.animaleden.de\/wp-content\/uploads\/2021\/11\/veganer-Tierschutz-Mosaik-tinified-scaled.jpg\" class=\"attachment-full size-full wp-image-7900\" alt=\"\" srcset=\"https:\/\/www.animaleden.de\/wp-content\/uploads\/2021\/11\/veganer-Tierschutz-Mosaik-tinified-scaled.jpg 1624w, https:\/\/www.animaleden.de\/wp-content\/uploads\/2021\/11\/veganer-Tierschutz-Mosaik-tinified-190x300.jpg 190w, https:\/\/www.animaleden.de\/wp-content\/uploads\/2021\/11\/veganer-Tierschutz-Mosaik-tinified-650x1024.jpg 650w, https:\/\/www.animaleden.de\/wp-content\/uploads\/2021\/11\/veganer-Tierschutz-Mosaik-tinified-768x1210.jpg 768w, https:\/\/www.animaleden.de\/wp-content\/uploads\/2021\/11\/veganer-Tierschutz-Mosaik-tinified-975x1536.jpg 975w, https:\/\/www.animaleden.de\/wp-content\/uploads\/2021\/11\/veganer-Tierschutz-Mosaik-tinified-1299x2048.jpg 1299w, https:\/\/www.animaleden.de\/wp-content\/uploads\/2021\/11\/veganer-Tierschutz-Mosaik-tinified-510x804.jpg 510w\" sizes=\"(max-width: 1624px) 100vw, 1624px\" \/>\t\t\t\t\t\t\t\t\t\t\t\t\t<\/div>\n\t\t\t\t<\/div>\n\t\t\t\t\t<\/div>\n\t\t<\/div>\n\t\t\t\t\t<\/div>\n\t\t<\/section>\n\t\t\t\t<section class=\"elementor-section elementor-top-section elementor-element elementor-element-f0ddde4 elementor-section-boxed elementor-section-height-default elementor-section-height-default qodef-elementor-content-no qodef-content-alignment-no\" data-id=\"f0ddde4\" data-element_type=\"section\" data-settings=\"{&quot;jet_parallax_layout_list&quot;:[{&quot;jet_parallax_layout_image&quot;:{&quot;url&quot;:&quot;&quot;,&quot;id&quot;:&quot;&quot;,&quot;size&quot;:&quot;&quot;},&quot;_id&quot;:&quot;8dc198d&quot;,&quot;jet_parallax_layout_image_tablet&quot;:{&quot;url&quot;:&quot;&quot;,&quot;id&quot;:&quot;&quot;,&quot;size&quot;:&quot;&quot;},&quot;jet_parallax_layout_image_mobile&quot;:{&quot;url&quot;:&quot;&quot;,&quot;id&quot;:&quot;&quot;,&quot;size&quot;:&quot;&quot;},&quot;jet_parallax_layout_speed&quot;:{&quot;unit&quot;:&quot;%&quot;,&quot;size&quot;:50,&quot;sizes&quot;:[]},&quot;jet_parallax_layout_type&quot;:&quot;scroll&quot;,&quot;jet_parallax_layout_direction&quot;:null,&quot;jet_parallax_layout_fx_direction&quot;:null,&quot;jet_parallax_layout_z_index&quot;:&quot;&quot;,&quot;jet_parallax_layout_bg_x&quot;:50,&quot;jet_parallax_layout_bg_x_tablet&quot;:&quot;&quot;,&quot;jet_parallax_layout_bg_x_mobile&quot;:&quot;&quot;,&quot;jet_parallax_layout_bg_y&quot;:50,&quot;jet_parallax_layout_bg_y_tablet&quot;:&quot;&quot;,&quot;jet_parallax_layout_bg_y_mobile&quot;:&quot;&quot;,&quot;jet_parallax_layout_bg_size&quot;:&quot;auto&quot;,&quot;jet_parallax_layout_bg_size_tablet&quot;:&quot;&quot;,&quot;jet_parallax_layout_bg_size_mobile&quot;:&quot;&quot;,&quot;jet_parallax_layout_animation_prop&quot;:&quot;transform&quot;,&quot;jet_parallax_layout_on&quot;:[&quot;desktop&quot;,&quot;tablet&quot;]}]}\">\n\t\t\t\t\t\t<div class=\"elementor-container elementor-column-gap-default\">\n\t\t\t\t\t<div class=\"elementor-column elementor-col-100 elementor-top-column elementor-element elementor-element-3e0e17f\" data-id=\"3e0e17f\" data-element_type=\"column\">\n\t\t\t<div class=\"elementor-widget-wrap elementor-element-populated\">\n\t\t\t\t\t\t<div class=\"elementor-element elementor-element-45d2560 elementor-widget-divider--view-line_icon elementor-view-default elementor-widget-divider--element-align-center elementor-widget elementor-widget-divider\" data-id=\"45d2560\" data-element_type=\"widget\" data-widget_type=\"divider.default\">\n\t\t\t\t<div class=\"elementor-widget-container\">\n\t\t\t\t\t<div class=\"elementor-divider\">\n\t\t\t<span class=\"elementor-divider-separator\">\n\t\t\t\t\t\t\t<div class=\"elementor-icon elementor-divider__element\">\n\t\t\t\t\t<i aria-hidden=\"true\" class=\"fas fa-dog\"><\/i><\/div>\n\t\t\t\t\t\t<\/span>\n\t\t<\/div>\n\t\t\t\t<\/div>\n\t\t\t\t<\/div>\n\t\t\t\t\t<\/div>\n\t\t<\/div>\n\t\t\t\t\t<\/div>\n\t\t<\/section>\n\t\t\t\t<\/div>\n\t\t","protected":false},"excerpt":{"rendered":"<p>Die Welt der Tiere ist ein integraler Teil der Sch\u00f6pfung. Sie ist verbunden mit unserem Planeten, der Natur und Lebensr\u00e4umen wie dem der Ozeane. F\u00fcr Animal Eden bedeutet Tierschutz, dass wir nicht nur bis zu unseren Haustieren denken, sondern alle Tierarten und deren Lebensr\u00e4ume einschlie\u00dfen. Um einen tats\u00e4chlichen Schutz zu gew\u00e4hrleisten m\u00fcssen wir alle unsere [&hellip;]<\/p>\n","protected":false},"author":8,"featured_media":0,"parent":0,"menu_order":0,"comment_status":"closed","ping_status":"closed","template":"","meta":{"give_campaign_id":0,"footnotes":""},"class_list":["post-8217","page","type-page","status-publish","hentry"],"campaignId":"","_links":{"self":[{"href":"https:\/\/www.animaleden.de\/index.php?rest_route=\/wp\/v2\/pages\/8217"}],"collection":[{"href":"https:\/\/www.animaleden.de\/index.php?rest_route=\/wp\/v2\/pages"}],"about":[{"href":"https:\/\/www.animaleden.de\/index.php?rest_route=\/wp\/v2\/types\/page"}],"author":[{"embeddable":true,"href":"https:\/\/www.animaleden.de\/index.php?rest_route=\/wp\/v2\/users\/8"}],"replies":[{"embeddable":true,"href":"https:\/\/www.animaleden.de\/index.php?rest_route=%2Fwp%2Fv2%2Fcomments&post=8217"}],"version-history":[{"count":8,"href":"https:\/\/www.animaleden.de\/index.php?rest_route=\/wp\/v2\/pages\/8217\/revisions"}],"predecessor-version":[{"id":8872,"href":"https:\/\/www.animaleden.de\/index.php?rest_route=\/wp\/v2\/pages\/8217\/revisions\/8872"}],"wp:attachment":[{"href":"https:\/\/www.animaleden.de\/index.php?rest_route=%2Fwp%2Fv2%2Fmedia&parent=8217"}],"curies":[{"name":"wp","href":"https:\/\/api.w.org\/{rel}","templated":true}]}}