{"id":6712,"date":"2021-07-20T22:11:12","date_gmt":"2021-07-20T21:11:12","guid":{"rendered":"https:\/\/www.animaleden.de\/?page_id=6712"},"modified":"2022-04-15T12:57:45","modified_gmt":"2022-04-15T11:57:45","slug":"2019-massive-proteste-gegen-tierversuche","status":"publish","type":"page","link":"https:\/\/www.animaleden.de\/?page_id=6712","title":{"rendered":"2019 Massive Proteste Gegen Tierversuche"},"content":{"rendered":"\t\t<div data-elementor-type=\"wp-page\" data-elementor-id=\"6712\" class=\"elementor elementor-6712\" data-elementor-post-type=\"page\">\n\t\t\t\t\t\t<section class=\"elementor-section elementor-top-section elementor-element elementor-element-01477b4 elementor-section-boxed elementor-section-height-default elementor-section-height-default qodef-elementor-content-no qodef-content-alignment-no\" data-id=\"01477b4\" data-element_type=\"section\" data-settings=\"{&quot;jet_parallax_layout_list&quot;:[{&quot;jet_parallax_layout_image&quot;:{&quot;url&quot;:&quot;&quot;,&quot;id&quot;:&quot;&quot;,&quot;size&quot;:&quot;&quot;},&quot;_id&quot;:&quot;c4667cc&quot;,&quot;jet_parallax_layout_image_tablet&quot;:{&quot;url&quot;:&quot;&quot;,&quot;id&quot;:&quot;&quot;,&quot;size&quot;:&quot;&quot;},&quot;jet_parallax_layout_image_mobile&quot;:{&quot;url&quot;:&quot;&quot;,&quot;id&quot;:&quot;&quot;,&quot;size&quot;:&quot;&quot;},&quot;jet_parallax_layout_speed&quot;:{&quot;unit&quot;:&quot;%&quot;,&quot;size&quot;:50,&quot;sizes&quot;:[]},&quot;jet_parallax_layout_type&quot;:&quot;scroll&quot;,&quot;jet_parallax_layout_direction&quot;:null,&quot;jet_parallax_layout_fx_direction&quot;:null,&quot;jet_parallax_layout_z_index&quot;:&quot;&quot;,&quot;jet_parallax_layout_bg_x&quot;:50,&quot;jet_parallax_layout_bg_x_tablet&quot;:&quot;&quot;,&quot;jet_parallax_layout_bg_x_mobile&quot;:&quot;&quot;,&quot;jet_parallax_layout_bg_y&quot;:50,&quot;jet_parallax_layout_bg_y_tablet&quot;:&quot;&quot;,&quot;jet_parallax_layout_bg_y_mobile&quot;:&quot;&quot;,&quot;jet_parallax_layout_bg_size&quot;:&quot;auto&quot;,&quot;jet_parallax_layout_bg_size_tablet&quot;:&quot;&quot;,&quot;jet_parallax_layout_bg_size_mobile&quot;:&quot;&quot;,&quot;jet_parallax_layout_animation_prop&quot;:&quot;transform&quot;,&quot;jet_parallax_layout_on&quot;:[&quot;desktop&quot;,&quot;tablet&quot;]}]}\">\n\t\t\t\t\t\t<div class=\"elementor-container elementor-column-gap-default\">\n\t\t\t\t\t<div class=\"elementor-column elementor-col-50 elementor-top-column elementor-element elementor-element-2e539dd\" data-id=\"2e539dd\" data-element_type=\"column\">\n\t\t\t<div class=\"elementor-widget-wrap elementor-element-populated\">\n\t\t\t\t\t\t<div class=\"elementor-element elementor-element-ad4ad3c elementor-widget elementor-widget-image\" data-id=\"ad4ad3c\" data-element_type=\"widget\" data-widget_type=\"image.default\">\n\t\t\t\t<div class=\"elementor-widget-container\">\n\t\t\t\t\t\t\t\t\t\t\t\t\t<img fetchpriority=\"high\" decoding=\"async\" width=\"720\" height=\"960\" src=\"https:\/\/www.animaleden.de\/wp-content\/uploads\/2021\/07\/protest.png\" class=\"attachment-large size-large wp-image-6715\" alt=\"2019 Massive Proteste gegen Tierversuche\" srcset=\"https:\/\/www.animaleden.de\/wp-content\/uploads\/2021\/07\/protest.png 720w, https:\/\/www.animaleden.de\/wp-content\/uploads\/2021\/07\/protest-225x300.png 225w\" sizes=\"(max-width: 720px) 100vw, 720px\" \/>\t\t\t\t\t\t\t\t\t\t\t\t\t<\/div>\n\t\t\t\t<\/div>\n\t\t\t\t<div class=\"elementor-element elementor-element-fdeaff4 elementor-widget elementor-widget-image\" data-id=\"fdeaff4\" data-element_type=\"widget\" data-widget_type=\"image.default\">\n\t\t\t\t<div class=\"elementor-widget-container\">\n\t\t\t\t\t\t\t\t\t\t\t\t\t<img decoding=\"async\" width=\"794\" height=\"595\" src=\"https:\/\/www.animaleden.de\/wp-content\/uploads\/2021\/07\/protest2.png\" class=\"attachment-large size-large wp-image-6716\" alt=\"Speziesismus\" srcset=\"https:\/\/www.animaleden.de\/wp-content\/uploads\/2021\/07\/protest2.png 794w, https:\/\/www.animaleden.de\/wp-content\/uploads\/2021\/07\/protest2-300x225.png 300w, https:\/\/www.animaleden.de\/wp-content\/uploads\/2021\/07\/protest2-768x576.png 768w\" sizes=\"(max-width: 794px) 100vw, 794px\" \/>\t\t\t\t\t\t\t\t\t\t\t\t\t<\/div>\n\t\t\t\t<\/div>\n\t\t\t\t\t<\/div>\n\t\t<\/div>\n\t\t\t\t<div class=\"elementor-column elementor-col-50 elementor-top-column elementor-element elementor-element-73f4eb3\" data-id=\"73f4eb3\" data-element_type=\"column\">\n\t\t\t<div class=\"elementor-widget-wrap elementor-element-populated\">\n\t\t\t\t\t\t<div class=\"elementor-element elementor-element-fd6168f elementor-widget elementor-widget-text-editor\" data-id=\"fd6168f\" data-element_type=\"widget\" data-widget_type=\"text-editor.default\">\n\t\t\t\t<div class=\"elementor-widget-container\">\n\t\t\t\t\t\t\t<p>Tierversuche, von der Wirtschaft und Pharmaindustrie gesponsert, sind ein Wirtschaftszweig, in welchem Millionen verdient werden.<br \/>Unn\u00fctze Laboratorien schaffen Arbeitspl\u00e4tze f\u00fcr Menschen, die sich durch ihre Handlungen mit den T\u00e4tern in den Konzentrationslagern der NS-Zeit gleichstellen lassen.<\/p><p>Das Grundproblem aller Tierversuche liegt in der Rechtslage eines Landes, das Tierversuche unter bestimmten Voraussetzungen immer noch zul\u00e4sst, auch wenn dem Tier ohne jede Bet\u00e4ubung unbegreifliche Schmerzen zugef\u00fcgt werden.\u00a0<br \/>Die T\u00e4ter werden im Kleinen und Gro\u00dfen von der Gesetzgebung gesch\u00fctzt, ein Labor wird geschlossen, das n\u00e4chste er\u00f6ffnet.<\/p><p>Die einzige M\u00f6glichkeit, Tiere vor diesem Leid zu befreien, ist, das Personenrecht f\u00fcr Tiere in der Gesetzgebung zu verankern. Dies h\u00e4tte hinreichende Folgen, denn der Missbrauch eines Tieres w\u00fcrde dann wie die Tat an einem Menschen geahndet werden. Wir sind daf\u00fcr, weil es nach jahrzehntelangen seichten Tierschutzgedanken die einzige L\u00f6sung zum Schutz der Tiere ist.<\/p>\t\t\t\t\t\t<\/div>\n\t\t\t\t<\/div>\n\t\t\t\t\t<\/div>\n\t\t<\/div>\n\t\t\t\t\t<\/div>\n\t\t<\/section>\n\t\t\t\t<\/div>\n\t\t","protected":false},"excerpt":{"rendered":"<p>Tierversuche, von der Wirtschaft und Pharmaindustrie gesponsert, sind ein Wirtschaftszweig, in welchem Millionen verdient werden.Unn\u00fctze Laboratorien schaffen Arbeitspl\u00e4tze f\u00fcr Menschen, die sich durch ihre Handlungen mit den T\u00e4tern in den Konzentrationslagern der NS-Zeit gleichstellen lassen. Das Grundproblem aller Tierversuche liegt in der Rechtslage eines Landes, das Tierversuche unter bestimmten Voraussetzungen immer noch zul\u00e4sst, auch wenn [&hellip;]<\/p>\n","protected":false},"author":1,"featured_media":0,"parent":0,"menu_order":0,"comment_status":"closed","ping_status":"closed","template":"","meta":{"give_campaign_id":0,"footnotes":""},"class_list":["post-6712","page","type-page","status-publish","hentry"],"campaignId":"","_links":{"self":[{"href":"https:\/\/www.animaleden.de\/index.php?rest_route=\/wp\/v2\/pages\/6712"}],"collection":[{"href":"https:\/\/www.animaleden.de\/index.php?rest_route=\/wp\/v2\/pages"}],"about":[{"href":"https:\/\/www.animaleden.de\/index.php?rest_route=\/wp\/v2\/types\/page"}],"author":[{"embeddable":true,"href":"https:\/\/www.animaleden.de\/index.php?rest_route=\/wp\/v2\/users\/1"}],"replies":[{"embeddable":true,"href":"https:\/\/www.animaleden.de\/index.php?rest_route=%2Fwp%2Fv2%2Fcomments&post=6712"}],"version-history":[{"count":14,"href":"https:\/\/www.animaleden.de\/index.php?rest_route=\/wp\/v2\/pages\/6712\/revisions"}],"predecessor-version":[{"id":8891,"href":"https:\/\/www.animaleden.de\/index.php?rest_route=\/wp\/v2\/pages\/6712\/revisions\/8891"}],"wp:attachment":[{"href":"https:\/\/www.animaleden.de\/index.php?rest_route=%2Fwp%2Fv2%2Fmedia&parent=6712"}],"curies":[{"name":"wp","href":"https:\/\/api.w.org\/{rel}","templated":true}]}}