{"id":6623,"date":"2021-07-20T14:59:15","date_gmt":"2021-07-20T13:59:15","guid":{"rendered":"https:\/\/www.animaleden.de\/?page_id=6623"},"modified":"2022-05-01T21:38:40","modified_gmt":"2022-05-01T20:38:40","slug":"kinderprogramme","status":"publish","type":"page","link":"https:\/\/www.animaleden.de\/?page_id=6623","title":{"rendered":"Kinderprogramme"},"content":{"rendered":"\t\t<div data-elementor-type=\"wp-page\" data-elementor-id=\"6623\" class=\"elementor elementor-6623\" data-elementor-post-type=\"page\">\n\t\t\t\t\t\t<section class=\"elementor-section elementor-top-section elementor-element elementor-element-8efac61 elementor-section-boxed elementor-section-height-default elementor-section-height-default qodef-elementor-content-no qodef-content-alignment-no\" data-id=\"8efac61\" data-element_type=\"section\" data-settings=\"{&quot;jet_parallax_layout_list&quot;:[{&quot;jet_parallax_layout_image&quot;:{&quot;url&quot;:&quot;&quot;,&quot;id&quot;:&quot;&quot;,&quot;size&quot;:&quot;&quot;},&quot;_id&quot;:&quot;99196a3&quot;,&quot;jet_parallax_layout_image_tablet&quot;:{&quot;url&quot;:&quot;&quot;,&quot;id&quot;:&quot;&quot;,&quot;size&quot;:&quot;&quot;},&quot;jet_parallax_layout_image_mobile&quot;:{&quot;url&quot;:&quot;&quot;,&quot;id&quot;:&quot;&quot;,&quot;size&quot;:&quot;&quot;},&quot;jet_parallax_layout_speed&quot;:{&quot;unit&quot;:&quot;%&quot;,&quot;size&quot;:50,&quot;sizes&quot;:[]},&quot;jet_parallax_layout_type&quot;:&quot;scroll&quot;,&quot;jet_parallax_layout_direction&quot;:null,&quot;jet_parallax_layout_fx_direction&quot;:null,&quot;jet_parallax_layout_z_index&quot;:&quot;&quot;,&quot;jet_parallax_layout_bg_x&quot;:50,&quot;jet_parallax_layout_bg_x_tablet&quot;:&quot;&quot;,&quot;jet_parallax_layout_bg_x_mobile&quot;:&quot;&quot;,&quot;jet_parallax_layout_bg_y&quot;:50,&quot;jet_parallax_layout_bg_y_tablet&quot;:&quot;&quot;,&quot;jet_parallax_layout_bg_y_mobile&quot;:&quot;&quot;,&quot;jet_parallax_layout_bg_size&quot;:&quot;auto&quot;,&quot;jet_parallax_layout_bg_size_tablet&quot;:&quot;&quot;,&quot;jet_parallax_layout_bg_size_mobile&quot;:&quot;&quot;,&quot;jet_parallax_layout_animation_prop&quot;:&quot;transform&quot;,&quot;jet_parallax_layout_on&quot;:[&quot;desktop&quot;,&quot;tablet&quot;]}]}\">\n\t\t\t\t\t\t<div class=\"elementor-container elementor-column-gap-default\">\n\t\t\t\t\t<div class=\"elementor-column elementor-col-50 elementor-top-column elementor-element elementor-element-6f0bf0f\" data-id=\"6f0bf0f\" data-element_type=\"column\">\n\t\t\t<div class=\"elementor-widget-wrap elementor-element-populated\">\n\t\t\t\t\t\t<div class=\"elementor-element elementor-element-a6b8ab8 elementor-widget elementor-widget-image\" data-id=\"a6b8ab8\" data-element_type=\"widget\" data-widget_type=\"image.default\">\n\t\t\t\t<div class=\"elementor-widget-container\">\n\t\t\t\t\t\t\t\t\t\t\t\t\t<img fetchpriority=\"high\" decoding=\"async\" width=\"479\" height=\"480\" src=\"https:\/\/www.animaleden.de\/wp-content\/uploads\/2021\/07\/kinder.jpg\" class=\"attachment-large size-large wp-image-6652\" alt=\"Children Programs\" srcset=\"https:\/\/www.animaleden.de\/wp-content\/uploads\/2021\/07\/kinder.jpg 479w, https:\/\/www.animaleden.de\/wp-content\/uploads\/2021\/07\/kinder-300x300.jpg 300w, https:\/\/www.animaleden.de\/wp-content\/uploads\/2021\/07\/kinder-150x150.jpg 150w\" sizes=\"(max-width: 479px) 100vw, 479px\" \/>\t\t\t\t\t\t\t\t\t\t\t\t\t<\/div>\n\t\t\t\t<\/div>\n\t\t\t\t\t<\/div>\n\t\t<\/div>\n\t\t\t\t<div class=\"elementor-column elementor-col-50 elementor-top-column elementor-element elementor-element-c7fb7a6\" data-id=\"c7fb7a6\" data-element_type=\"column\">\n\t\t\t<div class=\"elementor-widget-wrap elementor-element-populated\">\n\t\t\t\t\t\t<div class=\"elementor-element elementor-element-57f7edb elementor-widget elementor-widget-text-editor\" data-id=\"57f7edb\" data-element_type=\"widget\" data-widget_type=\"text-editor.default\">\n\t\t\t\t<div class=\"elementor-widget-container\">\n\t\t\t\t\t\t\t<p data-pm-slice=\"0 0 []\">Wir glauben, dass das langfristige Denken in einer Gesellschaft nur durch Tierliebe der Kinder, den k\u00fcnftigen Erwachsenen, nachhaltig ver\u00e4ndert werden kann.<\/p><p>Kindgerechte Arbeitsb\u00fccher geben den Lehrpersonen die M\u00f6glichkeit, den Kindern Wissen um das Verhalten der Tiere, vor allem der Stra\u00dfenhunde, zu geben und die Haltung von Unsicherheit und Aggression in Freundschaft und Mitgef\u00fchl umzuwandeln.<\/p><p>Wir stellen immer wieder fest, wie wenig Kinder \u00fcber das Verhalten, die K\u00f6rpersprache und Bed\u00fcrfnisse von Tieren wissen. Wie z.B., dass Tierm\u00fctter ihre Welpen bewachen, aber in dem Sinn nicht aggressiv sind oder dass ein Tier Schmerzen empfindet wie ein Mensch, diesen jedoch anders ausdr\u00fcckt.<\/p><p>Unterst\u00fctze uns, damit wir mehr Kindern die M\u00f6glichkeit f\u00fcr kindgerechte Arbeitsb\u00fccher in der Muttersprache geben k\u00f6nnen. Spende. F\u00fcr eine neue Zukunft der Tiere.<\/p>\t\t\t\t\t\t<\/div>\n\t\t\t\t<\/div>\n\t\t\t\t\t<\/div>\n\t\t<\/div>\n\t\t\t\t\t<\/div>\n\t\t<\/section>\n\t\t\t\t<\/div>\n\t\t","protected":false},"excerpt":{"rendered":"<p>Wir glauben, dass das langfristige Denken in einer Gesellschaft nur durch Tierliebe der Kinder, den k\u00fcnftigen Erwachsenen, nachhaltig ver\u00e4ndert werden kann. Kindgerechte Arbeitsb\u00fccher geben den Lehrpersonen die M\u00f6glichkeit, den Kindern Wissen um das Verhalten der Tiere, vor allem der Stra\u00dfenhunde, zu geben und die Haltung von Unsicherheit und Aggression in Freundschaft und Mitgef\u00fchl umzuwandeln. Wir [&hellip;]<\/p>\n","protected":false},"author":1,"featured_media":6140,"parent":0,"menu_order":0,"comment_status":"closed","ping_status":"closed","template":"","meta":{"give_campaign_id":0,"footnotes":""},"class_list":["post-6623","page","type-page","status-publish","has-post-thumbnail","hentry"],"campaignId":"","_links":{"self":[{"href":"https:\/\/www.animaleden.de\/index.php?rest_route=\/wp\/v2\/pages\/6623"}],"collection":[{"href":"https:\/\/www.animaleden.de\/index.php?rest_route=\/wp\/v2\/pages"}],"about":[{"href":"https:\/\/www.animaleden.de\/index.php?rest_route=\/wp\/v2\/types\/page"}],"author":[{"embeddable":true,"href":"https:\/\/www.animaleden.de\/index.php?rest_route=\/wp\/v2\/users\/1"}],"replies":[{"embeddable":true,"href":"https:\/\/www.animaleden.de\/index.php?rest_route=%2Fwp%2Fv2%2Fcomments&post=6623"}],"version-history":[{"count":17,"href":"https:\/\/www.animaleden.de\/index.php?rest_route=\/wp\/v2\/pages\/6623\/revisions"}],"predecessor-version":[{"id":9112,"href":"https:\/\/www.animaleden.de\/index.php?rest_route=\/wp\/v2\/pages\/6623\/revisions\/9112"}],"wp:featuredmedia":[{"embeddable":true,"href":"https:\/\/www.animaleden.de\/index.php?rest_route=\/wp\/v2\/media\/6140"}],"wp:attachment":[{"href":"https:\/\/www.animaleden.de\/index.php?rest_route=%2Fwp%2Fv2%2Fmedia&parent=6623"}],"curies":[{"name":"wp","href":"https:\/\/api.w.org\/{rel}","templated":true}]}}